{"id":855,"date":"2025-06-30T13:36:20","date_gmt":"2025-06-30T11:36:20","guid":{"rendered":"https:\/\/www.optima-management.com\/?page_id=855"},"modified":"2025-07-10T19:55:52","modified_gmt":"2025-07-10T17:55:52","slug":"contact","status":"publish","type":"page","link":"https:\/\/www.optima-management.com\/de\/contact\/","title":{"rendered":"Kontakt"},"content":{"rendered":"<div class=\"wp-block-stackable-columns alignfull stk-block-columns stk-block stk-8438909 stk-block-background stk--has-background-overlay\" data-block-id=\"8438909\"><style>.stk-8438909 {background-color:var(--theme-palette-color-8, #ffffff) !important;background-image:url(http:\/\/www.optima-management.com\/wp-content\/uploads\/2025\/06\/background-service-page-optima-management.png) !important;padding-top:150px !important;padding-right:0px !important;padding-bottom:50px !important;padding-left:0px !important;margin-top:-160px !important;margin-right:0px !important;margin-bottom:0px !important;margin-left:0px !important;}.stk-8438909:before{background-color:var(--theme-palette-color-8, #ffffff) !important;opacity:0.5 !important;}@media screen and (max-width:689px){.stk-8438909 {margin-top:-180px !important;}}<\/style><div class=\"stk-row stk-inner-blocks stk-block-content stk-content-align stk-8438909-column\">\n<div class=\"wp-block-stackable-column stk-block-column stk-column stk-block stk-b28e190\" data-v=\"4\" data-block-id=\"b28e190\"><div class=\"stk-column-wrapper stk-block-column__content stk-container stk-b28e190-container stk--no-background stk--no-padding\"><div class=\"stk-block-content stk-inner-blocks stk-b28e190-inner-blocks\">\n<div class=\"wp-block-stackable-heading stk-block-heading stk-block-heading--v2 stk-block stk-b2f22f7\" id=\"contact\" data-block-id=\"b2f22f7\"><style>.stk-b2f22f7 .stk-block-heading__bottom-line{background-color:var(u002du002dtheme-palette-color-2, #ffc000) !important;}.stk-b2f22f7 .stk-block-heading__text{color:var(--theme-palette-color-2, #ffc000) !important;}@media screen and (max-width:689px){.stk-b2f22f7 .stk-block-heading__text{font-size:28px !important;}}<\/style><h2 class=\"stk-block-heading__text has-text-color stk-block-heading--use-theme-margins\">Kontakt<\/h2><div class=\"stk-block-heading__bottom-line\"><\/div><\/div>\n\n\n\n<div class=\"wp-block-stackable-heading stk-block-heading stk-block-heading--v2 stk-block stk-97c1863\" id=\"implanter-une-unite-de-production-en-tunisie\" data-block-id=\"97c1863\"><style>.stk-97c1863 .stk-block-heading__text{font-size:45px !important;color:var(--theme-palette-color-1, #002060) !important;line-height:1em !important;}@media screen and (max-width:999px){.stk-97c1863 .stk-block-heading__text{font-size:45px !important;}}@media screen and (max-width:689px){.stk-97c1863 .stk-block-heading__text{font-size:28px !important;}}<\/style><h2 class=\"stk-block-heading__text has-text-color\"><strong>Ben\u00f6tigen Sie eine Beratung, ein Angebot, einen Termin oder Informationen?<\/strong><\/h2><\/div>\n\n\n\n<div class=\"wp-block-stackable-text stk-block-text stk-block stk-a149da5\" id=\"strong-maximiser-votre-competitivite-conquerir-de-nouveaux-marches-strong\" data-block-id=\"a149da5\"><style>@media screen and (max-width:689px){.stk-a149da5 .stk-block-text__text{font-size:15px !important;}}<\/style><p class=\"stk-block-text__text\">Bitte kontaktieren Sie uns jederzeit bequem per E-Mail, WhatsApp, TEAMS oder durch Ausf\u00fcllen des Formulars.<\/p><\/div>\n\n\n\n<div class=\"wp-block-stackable-text stk-block-text stk-block stk-dab9c83\" data-block-id=\"dab9c83\"><style>@media screen and (max-width:689px){.stk-dab9c83 .stk-block-text__text{font-size:15px !important;}}<\/style><p class=\"stk-block-text__text\">Wir sind gerne bereit, Ihre Fragen schnellstm\u00f6glich und kostenlos zu beantworten.<\/p><\/div>\n\n\n\n<div class=\"wp-block-stackable-columns stk-block-columns stk-block stk-ed34706\" data-block-id=\"ed34706\"><style>.stk-ed34706 {margin-top:0px !important;margin-right:0px !important;margin-bottom:0px !important;margin-left:0px !important;}<\/style><div class=\"stk-row stk-inner-blocks stk-block-content stk-content-align stk-ed34706-column\">\n<div class=\"wp-block-stackable-column stk-block-column stk-column stk-block stk-8ff4879\" data-v=\"4\" data-block-id=\"8ff4879\"><style>.stk-8ff4879 {align-self:center !important;margin-top:0px !important;}<\/style><div class=\"stk-column-wrapper stk-block-column__content stk-container stk-8ff4879-container stk--no-background stk--no-padding\"><div class=\"has-text-align-center stk-block-content stk-inner-blocks stk-8ff4879-inner-blocks\">\n<div class=\"wp-block-stackable-icon-list stk-block-icon-list stk-block stk-0eaf169\" data-block-id=\"0eaf169\"><style>.stk-0eaf169 {--stk-icon-list-marker-color:#fcb900 !important;}<\/style><svg style=\"display:none\"><defs><g id=\"stk-icon-list__icon-svg-def-0eaf169\"><svg xmlns=\"http:\/\/www.w3.org\/2000\/svg\" viewbox=\"0 0 190 190\"><polygon points=\"173.8,28.4 60.4,141.8 15.7,97.2 5.1,107.8 60.4,163 184.4,39 173.8,28.4\"\/><\/svg><\/g><\/defs><\/svg><ul class=\"stk-block-icon-list__ul stk-block-icon-list--column\">\n<li class=\"wp-block-stackable-icon-list-item stk-block-icon-list-item stk-block stk-897d7b6\" data-block-id=\"897d7b6\"><div class=\"stk-block-icon-list-item__content\"><span class=\"stk--svg-wrapper\"><div class=\"stk--inner-svg\"><svg xmlns=\"http:\/\/www.w3.org\/2000\/svg\" viewbox=\"0 0 448 512\" aria-hidden=\"true\" width=\"32\" height=\"32\"><path d=\"M380.9 97.1C339 55.1 283.2 32 223.9 32c-122.4 0-222 99.6-222 222 0 39.1 10.2 77.3 29.6 111L0 480l117.7-30.9c32.4 17.7 68.9 27 106.1 27h.1c122.3 0 224.1-99.6 224.1-222 0-59.3-25.2-115-67.1-157zm-157 341.6c-33.2 0-65.7-8.9-94-25.7l-6.7-4-69.8 18.3L72 359.2l-4.4-7c-18.5-29.4-28.2-63.3-28.2-98.2 0-101.7 82.8-184.5 184.6-184.5 49.3 0 95.6 19.2 130.4 54.1 34.8 34.9 56.2 81.2 56.1 130.5 0 101.8-84.9 184.6-186.6 184.6zm101.2-138.2c-5.5-2.8-32.8-16.2-37.9-18-5.1-1.9-8.8-2.8-12.5 2.8-3.7 5.6-14.3 18-17.6 21.8-3.2 3.7-6.5 4.2-12 1.4-32.6-16.3-54-29.1-75.5-66-5.7-9.8 5.7-9.1 16.3-30.3 1.8-3.7.9-6.9-.5-9.7-1.4-2.8-12.5-30.1-17.1-41.2-4.5-10.8-9.1-9.3-12.5-9.5-3.2-.2-6.9-.2-10.6-.2-3.7 0-9.7 1.4-14.8 6.9-5.1 5.6-19.4 19-19.4 46.3 0 27.3 19.9 53.7 22.6 57.4 2.8 3.7 39.1 59.7 94.8 83.8 35.2 15.2 49 16.5 66.6 13.9 10.7-1.6 32.8-13.4 37.4-26.4 4.6-13 4.6-24.1 3.2-26.4-1.3-2.5-5-3.9-10.5-6.6z\"><\/path><\/svg><\/div><\/span><span class=\"stk-block-icon-list-item__text\">+216 99 841 508<\/span><\/div><\/li>\n\n\n\n<li class=\"wp-block-stackable-icon-list-item stk-block-icon-list-item stk-block stk-b801263\" data-block-id=\"b801263\"><div class=\"stk-block-icon-list-item__content\"><span class=\"stk--svg-wrapper\"><div class=\"stk--inner-svg\"><svg xmlns=\"http:\/\/www.w3.org\/2000\/svg\" viewbox=\"0 0 512 512\" aria-hidden=\"true\" width=\"32\" height=\"32\"><path d=\"M64 112c-8.8 0-16 7.2-16 16v22.1L220.5 291.7c20.7 17 50.4 17 71.1 0L464 150.1V128c0-8.8-7.2-16-16-16H64zM48 212.2V384c0 8.8 7.2 16 16 16H448c8.8 0 16-7.2 16-16V212.2L322 328.8c-38.4 31.5-93.7 31.5-132 0L48 212.2zM0 128C0 92.7 28.7 64 64 64H448c35.3 0 64 28.7 64 64V384c0 35.3-28.7 64-64 64H64c-35.3 0-64-28.7-64-64V128z\"><\/path><\/svg><\/div><\/span><span class=\"stk-block-icon-list-item__text\">contact@optima-management.com<\/span><\/div><\/li>\n\n\n\n<li class=\"wp-block-stackable-icon-list-item stk-block-icon-list-item stk-block stk-2e87d28\" data-block-id=\"2e87d28\"><div class=\"stk-block-icon-list-item__content\"><span class=\"stk--svg-wrapper\"><div class=\"stk--inner-svg\"><svg xmlns=\"http:\/\/www.w3.org\/2000\/svg\" viewbox=\"0 0 512 512\" aria-hidden=\"true\" width=\"32\" height=\"32\"><path d=\"M352 256c0 22.2-1.2 43.6-3.3 64H163.3c-2.2-20.4-3.3-41.8-3.3-64s1.2-43.6 3.3-64H348.7c2.2 20.4 3.3 41.8 3.3 64zm28.8-64H503.9c5.3 20.5 8.1 41.9 8.1 64s-2.8 43.5-8.1 64H380.8c2.1-20.6 3.2-42 3.2-64s-1.1-43.4-3.2-64zm112.6-32H376.7c-10-63.9-29.8-117.4-55.3-151.6c78.3 20.7 142 77.5 171.9 151.6zm-149.1 0H167.7c6.1-36.4 15.5-68.6 27-94.7c10.5-23.6 22.2-40.7 33.5-51.5C239.4 3.2 248.7 0 256 0s16.6 3.2 27.8 13.8c11.3 10.8 23 27.9 33.5 51.5c11.6 26 20.9 58.2 27 94.7zm-209 0H18.6C48.6 85.9 112.2 29.1 190.6 8.4C165.1 42.6 145.3 96.1 135.3 160zM8.1 192H131.2c-2.1 20.6-3.2 42-3.2 64s1.1 43.4 3.2 64H8.1C2.8 299.5 0 278.1 0 256s2.8-43.5 8.1-64zM194.7 446.6c-11.6-26-20.9-58.2-27-94.6H344.3c-6.1 36.4-15.5 68.6-27 94.6c-10.5 23.6-22.2 40.7-33.5 51.5C272.6 508.8 263.3 512 256 512s-16.6-3.2-27.8-13.8c-11.3-10.8-23-27.9-33.5-51.5zM135.3 352c10 63.9 29.8 117.4 55.3 151.6C112.2 482.9 48.6 426.1 18.6 352H135.3zm358.1 0c-30 74.1-93.6 130.9-171.9 151.6c25.5-34.2 45.2-87.7 55.3-151.6H493.4z\"><\/path><\/svg><\/div><\/span><span class=\"stk-block-icon-list-item__text\">www.optima-management.com<\/span><\/div><\/li>\n<\/ul><\/div>\n<\/div><\/div><\/div>\n<\/div><\/div>\n<\/div><\/div><\/div>\n\n\n\n<div class=\"wp-block-stackable-column stk-block-column stk-column stk-block stk-d0ec4e3\" data-v=\"4\" data-block-id=\"d0ec4e3\"><style>.stk-d0ec4e3 {margin-top:80px !important;}<\/style><div class=\"stk-column-wrapper stk-block-column__content stk-container stk-d0ec4e3-container stk--no-background stk--no-padding\"><div class=\"has-text-align-center stk-block-content stk-inner-blocks stk-d0ec4e3-inner-blocks\">\n<div class=\"wp-block-contact-form-7-contact-form-selector\"><p class=\"wpcf7-contact-form-not-found\"><strong>Fehler:<\/strong> Kontaktformular wurde nicht gefunden.<\/p><\/div>\n<\/div><\/div><\/div>\n<\/div><\/div>\n\n\n\n<p><\/p>","protected":false},"excerpt":{"rendered":"<p>Contact Besoin de conseil, devis, rendez-vous ou information ? N\u2019h\u00e9sitez pas \u00e0 nous contacter suivant votre convenance par e-mail, WhatsApp, TEAMS ou en remplissant le formulaire. Nous sommes impatients et ravis de r\u00e9pondre gratuitement \u00e0 vos questions dans les plus brefs d\u00e9lais.<\/p>","protected":false},"author":1,"featured_media":0,"parent":0,"menu_order":0,"comment_status":"closed","ping_status":"closed","template":"","meta":{"_eb_attr":"","_gspb_post_css":"","_themeisle_gutenberg_block_has_review":false,"footnotes":""},"class_list":["post-855","page","type-page","status-publish","hentry"],"blocksy_meta":{"has_hero_section":"disabled","styles_descriptor":{"styles":{"desktop":"","tablet":"","mobile":""},"google_fonts":[],"version":6}},"_links":{"self":[{"href":"https:\/\/www.optima-management.com\/de\/wp-json\/wp\/v2\/pages\/855","targetHints":{"allow":["GET"]}}],"collection":[{"href":"https:\/\/www.optima-management.com\/de\/wp-json\/wp\/v2\/pages"}],"about":[{"href":"https:\/\/www.optima-management.com\/de\/wp-json\/wp\/v2\/types\/page"}],"author":[{"embeddable":true,"href":"https:\/\/www.optima-management.com\/de\/wp-json\/wp\/v2\/users\/1"}],"replies":[{"embeddable":true,"href":"https:\/\/www.optima-management.com\/de\/wp-json\/wp\/v2\/comments?post=855"}],"version-history":[{"count":0,"href":"https:\/\/www.optima-management.com\/de\/wp-json\/wp\/v2\/pages\/855\/revisions"}],"wp:attachment":[{"href":"https:\/\/www.optima-management.com\/de\/wp-json\/wp\/v2\/media?parent=855"}],"curies":[{"name":"wp","href":"https:\/\/api.w.org\/{rel}","templated":true}]}}