{"id":673,"date":"2025-06-29T12:38:32","date_gmt":"2025-06-29T10:38:32","guid":{"rendered":"https:\/\/www.optima-management.com\/?page_id=673"},"modified":"2025-07-05T15:46:02","modified_gmt":"2025-07-05T13:46:02","slug":"lean-manufacturing","status":"publish","type":"page","link":"https:\/\/www.optima-management.com\/de\/lean-manufacturing\/","title":{"rendered":"Schlanke Fertigung"},"content":{"rendered":"<div class=\"wp-block-stackable-columns alignfull stk-block-columns stk-block stk-8438909 stk-block-background stk--has-background-overlay\" data-block-id=\"8438909\"><style>.stk-8438909 {background-color:var(--theme-palette-color-8, #ffffff) !important;background-image:url(http:\/\/www.optima-management.com\/wp-content\/uploads\/2025\/06\/background-service-page-optima-management.png) !important;padding-top:150px !important;padding-bottom:150px !important;padding-left:0px !important;margin-top:-160px !important;margin-bottom:-60px !important;}.stk-8438909:before{background-color:var(--theme-palette-color-8, #ffffff) !important;opacity:0.5 !important;}@media screen and (max-width:689px){.stk-8438909 {margin-top:-180px !important;margin-bottom:0px !important;}}<\/style><div class=\"stk-row stk-inner-blocks stk-block-content stk-content-align stk-8438909-column\">\n<div class=\"wp-block-stackable-column stk-block-column stk-column stk-block stk-b28e190\" data-v=\"4\" data-block-id=\"b28e190\"><div class=\"stk-column-wrapper stk-block-column__content stk-container stk-b28e190-container stk--no-background stk--no-padding\"><div class=\"stk-block-content stk-inner-blocks stk-b28e190-inner-blocks\">\n<div class=\"wp-block-stackable-heading stk-block-heading stk-block-heading--v2 stk-block stk-b2f22f7\" id=\"lean-manufacturing\" data-block-id=\"b2f22f7\"><style>.stk-b2f22f7 .stk-block-heading__bottom-line{background-color:var(--theme-palette-color-2, #ffc000) !important;}.stk-b2f22f7 .stk-block-heading__text{color:var(--theme-palette-color-1, #002060) !important;}@media screen and (max-width:689px){.stk-b2f22f7 .stk-block-heading__text{font-size:28px !important;}}<\/style><h2 class=\"stk-block-heading__text has-text-color\">LEAN MANUFACTURING<\/h2><div class=\"stk-block-heading__bottom-line\"><\/div><\/div>\n\n\n\n<div class=\"wp-block-stackable-heading stk-block-heading stk-block-heading--v2 stk-block stk-97c1863\" id=\"implanter-une-unite-de-production-en-tunisie\" data-block-id=\"97c1863\"><style>.stk-97c1863 .stk-block-heading__text{font-size:45px !important;color:var(--theme-palette-color-2, #ffc000) !important;line-height:1em !important;}@media screen and (max-width:999px){.stk-97c1863 .stk-block-heading__text{font-size:45px !important;}}@media screen and (max-width:689px){.stk-97c1863 .stk-block-heading__text{font-size:28px !important;}}<\/style><h2 class=\"stk-block-heading__text has-text-color\"><strong>Ihr Projekt ist einzigartig, unsere Unterst\u00fctzung auch \u2013 umfassend, pr\u00e4zise, individuell.<\/strong><\/h2><\/div>\n\n\n\n<div class=\"wp-block-stackable-text stk-block-text stk-block stk-a149da5\" id=\"strong-maximiser-votre-competitivite-conquerir-de-nouveaux-marches-strong\" data-block-id=\"a149da5\"><style>@media screen and (max-width:689px){.stk-a149da5 .stk-block-text__text{font-size:15px !important;}}<\/style><p class=\"stk-block-text__text\">Wir unterst\u00fctzen Industrieunternehmen bei der Strukturierung und Umsetzung von Lean Manufacturing, um ihre operative Leistung nachhaltig zu verbessern. Unser Ansatz beginnt mit einer detaillierten Standortanalyse, um die Hauptursachen f\u00fcr Verschwendung (Muda), Variabilit\u00e4t (Mura) und \u00dcberlastung (Muri) zu identifizieren. Basierend auf dieser Analyse entwickeln wir gemeinsam mit Ihren Teams einen auf Ihre Herausforderungen zugeschnittenen Transformationsplan. Dabei integrieren wir die grundlegenden Lean-Tools: 5S, SMED, VSM (Wertstromanalyse), Kanban, Kaizen, visuelles Management und Prozessstandardisierung.<\/p><\/div>\n\n\n\n<div class=\"wp-block-stackable-text stk-block-text stk-block stk-3a13ec8\" id=\"notre-accompagnement-repose-sur-une-dynamique-participative-et-une-montee-en-competence-progressive-des-equipes-en-integrant-des-ateliers-pratiques-des-chantiers-pilotes-et-des-formations-action-lobjectif-est-dancrer-une-culture-de-lamelioration-continue-a-tous-les-niveaux-de-lorganisation-de-reduire-les-temps-de-cycle-doptimiser-les-flux-et-daugmenter-la-reactivite-aux-besoins-clients-en-travaillant-a-la-fois-sur-les-processus-les-comportements-et-la-performance-nous-contribuons-a-instaurer-un-systeme-de-production-robuste-agile-et-centre-sur-la-valeur-ajoutee\" data-block-id=\"3a13ec8\"><style>@media screen and (max-width:689px){.stk-3a13ec8 .stk-block-text__text{font-size:15px !important;}}<\/style><p class=\"stk-block-text__text\">Unsere Unterst\u00fctzung basiert auf partizipativer Dynamik und der schrittweisen Entwicklung von Teamkompetenzen. Dazu geh\u00f6ren praxisorientierte Workshops, Pilotprojekte und handlungsorientierte Schulungen. Ziel ist es, eine Kultur der kontinuierlichen Verbesserung auf allen Organisationsebenen zu etablieren, Durchlaufzeiten zu verk\u00fcrzen, Arbeitsabl\u00e4ufe zu optimieren und die Reaktionsf\u00e4higkeit auf Kundenbed\u00fcrfnisse zu erh\u00f6hen. Durch die Arbeit an Prozessen, Verhaltensweisen und Leistung tragen wir zum Aufbau eines robusten, agilen und wertsch\u00f6pfungsorientierten Produktionssystems bei.<\/p><\/div>\n\n\n\n<div id=\"wp-block-themeisle-blocks-button-group-83e967be\" class=\"wp-block-themeisle-blocks-button-group wp-block-buttons\">\n<div id=\"wp-block-themeisle-blocks-button-e912663d\" class=\"wp-block-themeisle-blocks-button wp-block-button is-style-outline\"><a href=\"https:\/\/www.optima-management.com\/de\/blog\/#lean\" target=\"_self\" rel=\"noopener noreferrer\" class=\"wp-block-button__link\"><span>Mehr erfahren<\/span><\/a><\/div>\n<\/div>\n<\/div><\/div><\/div>\n\n\n\n<div class=\"wp-block-stackable-column stk-block-column stk-column stk-block stk-d0ec4e3\" data-v=\"4\" data-block-id=\"d0ec4e3\"><div class=\"stk-column-wrapper stk-block-column__content stk-container stk-d0ec4e3-container stk--no-background stk--no-padding\"><div class=\"has-text-align-center stk-block-content stk-inner-blocks stk-d0ec4e3-inner-blocks\">\n<div class=\"wp-block-stackable-image stk-block-image stk-block stk-eed4b49 agl agl-zoomInCSSRight agl-in-distance-1\" data-block-id=\"eed4b49\"><style>.stk-eed4b49 {margin-top:-50px !important;}.stk-eed4b49 .stk-img-wrapper{width:100% !important;}@media screen and (max-width:689px){.stk-eed4b49 {margin-top:0px !important;margin-right:0px !important;margin-bottom:0px !important;margin-left:0px !important;}}<\/style><figure><span class=\"stk-img-wrapper stk-image--shape-stretch\"><img loading=\"lazy\" decoding=\"async\" class=\"stk-img wp-image-647\" src=\"http:\/\/www.optima-management.com\/wp-content\/uploads\/2025\/06\/Accompagnement-qualite-sur-mesure-a-forte-valeur-ajoutee.png\" width=\"600\" height=\"589\" alt=\"Optima Management and Consulting\" srcset=\"https:\/\/www.optima-management.com\/wp-content\/uploads\/2025\/06\/Accompagnement-qualite-sur-mesure-a-forte-valeur-ajoutee.png 600w, https:\/\/www.optima-management.com\/wp-content\/uploads\/2025\/06\/Accompagnement-qualite-sur-mesure-a-forte-valeur-ajoutee-300x295.png 300w\" sizes=\"auto, (max-width: 600px) 100vw, 600px\" \/><\/span><\/figure><\/div>\n\n\n\n<div class=\"wp-block-stackable-image stk-block-image stk-block stk-c09041a\" data-block-id=\"c09041a\"><style>.stk-c09041a {margin-top:-150px !important;margin-left:170px !important;}.stk-c09041a .stk-img-wrapper{width:55% !important;}@media screen and (max-width:689px){.stk-c09041a {margin-top:-67px !important;margin-left:72px !important;}}<\/style><figure><span class=\"stk-img-wrapper stk-image--shape-stretch\"><img loading=\"lazy\" decoding=\"async\" class=\"stk-img wp-image-152\" src=\"http:\/\/www.optima-management.com\/wp-content\/uploads\/2025\/06\/element-cercle.png\" width=\"531\" height=\"458\" alt=\"Optima Management and Consulting\" srcset=\"https:\/\/www.optima-management.com\/wp-content\/uploads\/2025\/06\/element-cercle.png 531w, https:\/\/www.optima-management.com\/wp-content\/uploads\/2025\/06\/element-cercle-300x259.png 300w\" sizes=\"auto, (max-width: 531px) 100vw, 531px\" \/><\/span><\/figure><\/div>\n<\/div><\/div><\/div>\n<\/div><\/div>","protected":false},"excerpt":{"rendered":"<p>LEAN MANUFACTURING Votre projet est unique, notre accompagnement l\u2019est aussi \u2013 complet, pr\u00e9cis, personnalis\u00e9. Nous accompagnons les entreprises industrielles dans la structuration et le d\u00e9ploiement du Lean Manufacturing afin d&rsquo;am\u00e9liorer durablement leur performance op\u00e9rationnelle. Notre approche d\u00e9bute par un diagnostic terrain approfondi, permettant d\u2019identifier les principales sources de gaspillage (muda), de variabilit\u00e9 (mura) et de [&hellip;]<\/p>","protected":false},"author":1,"featured_media":0,"parent":0,"menu_order":0,"comment_status":"closed","ping_status":"closed","template":"","meta":{"_eb_attr":"","_gspb_post_css":"","_themeisle_gutenberg_block_has_review":false,"footnotes":""},"class_list":["post-673","page","type-page","status-publish","hentry"],"blocksy_meta":{"has_hero_section":"disabled","styles_descriptor":{"styles":{"desktop":"","tablet":"","mobile":""},"google_fonts":[],"version":6}},"_links":{"self":[{"href":"https:\/\/www.optima-management.com\/de\/wp-json\/wp\/v2\/pages\/673","targetHints":{"allow":["GET"]}}],"collection":[{"href":"https:\/\/www.optima-management.com\/de\/wp-json\/wp\/v2\/pages"}],"about":[{"href":"https:\/\/www.optima-management.com\/de\/wp-json\/wp\/v2\/types\/page"}],"author":[{"embeddable":true,"href":"https:\/\/www.optima-management.com\/de\/wp-json\/wp\/v2\/users\/1"}],"replies":[{"embeddable":true,"href":"https:\/\/www.optima-management.com\/de\/wp-json\/wp\/v2\/comments?post=673"}],"version-history":[{"count":0,"href":"https:\/\/www.optima-management.com\/de\/wp-json\/wp\/v2\/pages\/673\/revisions"}],"wp:attachment":[{"href":"https:\/\/www.optima-management.com\/de\/wp-json\/wp\/v2\/media?parent=673"}],"curies":[{"name":"wp","href":"https:\/\/api.w.org\/{rel}","templated":true}]}}