{"id":1016,"date":"2025-07-03T23:41:29","date_gmt":"2025-07-03T21:41:29","guid":{"rendered":"https:\/\/www.optima-management.com\/?page_id=1016"},"modified":"2025-07-11T13:40:27","modified_gmt":"2025-07-11T11:40:27","slug":"blog","status":"publish","type":"page","link":"https:\/\/www.optima-management.com\/de\/blog\/","title":{"rendered":"Blog"},"content":{"rendered":"<div class=\"wp-block-stackable-columns stk-block-columns stk-block stk-73a2520\" id=\"tunisie\" data-block-id=\"73a2520\"><div class=\"stk-row stk-inner-blocks stk-block-content stk-content-align stk-73a2520-column\">\n<div class=\"wp-block-stackable-column stk-block-column stk-column stk-block stk-d9d3ece\" data-v=\"4\" data-block-id=\"d9d3ece\"><div class=\"stk-column-wrapper stk-block-column__content stk-container stk-d9d3ece-container stk--no-background stk--no-padding\"><div class=\"stk-block-content stk-inner-blocks stk-d9d3ece-inner-blocks\">\n<div class=\"wp-block-stackable-heading stk-block-heading stk-block-heading--v2 stk-block stk-f59d9a6\" id=\"strong-quels-sont-les-avantages-dimplanter-une-unite-de-production-en-tunisie-strong\" data-block-id=\"f59d9a6\"><style>.stk-f59d9a6 .stk-block-heading__text{color:var(--theme-palette-color-2, #ffc000) !important;}<\/style><h2 class=\"stk-block-heading__text has-text-color\"><strong>Welche Vorteile bietet die Gr\u00fcndung einer Produktionseinheit in Tunesien?&nbsp;<\/strong>?<\/h2><\/div>\n\n\n<div class=\"root-eb-post-grid-a8vjq wp-block-essential-blocks-post-grid\">\n    <div class=\"eb-parent-wrapper eb-parent-eb-post-grid-a8vjq\">\n        <div class=\"eb-post-grid-a8vjq style-2 eb-post-grid-wrapper\"\n            data-id=\"eb-post-grid-a8vjq\"\n            data-querydata=\"{&quot;source&quot;:&quot;post&quot;,&quot;sourceIndex&quot;:0,&quot;rest_base&quot;:&quot;posts&quot;,&quot;rest_namespace&quot;:&quot;wp\\\/v2&quot;,&quot;author&quot;:&quot;&quot;,&quot;taxonomies&quot;:{&quot;category&quot;:{&quot;name&quot;:&quot;Cat\\u00e9gories&quot;,&quot;rest_base&quot;:&quot;categories&quot;,&quot;rest_namespace&quot;:&quot;wp\\\/v2&quot;,&quot;slug&quot;:&quot;category&quot;,&quot;value&quot;:&quot;[{\\&quot;value\\&quot;:5,\\&quot;label\\&quot;:\\&quot;Quels sont les avantages d\\u2019implanter une unit\\u00e9 de production en Tunisie\\u00a0?\\&quot;}]&quot;}},&quot;per_page&quot;:&quot;3&quot;,&quot;offset&quot;:&quot;0&quot;,&quot;orderby&quot;:&quot;date&quot;,&quot;order&quot;:&quot;desc&quot;,&quot;include&quot;:&quot;&quot;,&quot;exclude&quot;:&quot;&quot;,&quot;exclude_current&quot;:false}\"\n            data-attributes=\"{&quot;thumbnailSize&quot;:&quot;&quot;,&quot;loadMoreOptions&quot;:{&quot;enableMorePosts&quot;:true,&quot;loadMoreType&quot;:&quot;2&quot;,&quot;loadMoreButtonTxt&quot;:&quot;Load More&quot;,&quot;alignment&quot;:&quot;center&quot;,&quot;prevTxt&quot;:&quot;&lt;&quot;,&quot;nextTxt&quot;:&quot;&gt;&quot;,&quot;totalPosts&quot;:6},&quot;showSearch&quot;:false,&quot;showTaxonomyFilter&quot;:false,&quot;enableAjaxSearch&quot;:false,&quot;addIcon&quot;:false,&quot;iconPosition&quot;:&quot;left&quot;,&quot;icon&quot;:&quot;fas fa-chevron-right&quot;,&quot;preset&quot;:&quot;style-2&quot;,&quot;defaultFilter&quot;:&quot;all&quot;,&quot;version&quot;:&quot;v2&quot;,&quot;showBlockContent&quot;:true,&quot;showFallbackImg&quot;:false,&quot;fallbackImgUrl&quot;:&quot;&quot;,&quot;showThumbnail&quot;:true,&quot;showTitle&quot;:true,&quot;titleLength&quot;:&quot;&quot;,&quot;titleTag&quot;:&quot;h2&quot;,&quot;showContent&quot;:true,&quot;contentLength&quot;:20,&quot;expansionIndicator&quot;:&quot;...&quot;,&quot;showReadMore&quot;:false,&quot;readmoreText&quot;:&quot;Read More&quot;,&quot;showMeta&quot;:true,&quot;headerMeta&quot;:&quot;[{\\&quot;value\\&quot;:\\&quot;date\\&quot;,\\&quot;label\\&quot;:\\&quot;Published Date\\&quot;}]&quot;,&quot;footerMeta&quot;:&quot;[]&quot;,&quot;authorPrefix&quot;:&quot;&quot;,&quot;datePrefix&quot;:&quot;on&quot;}\">\n\n            \n\n            <div class=\"eb-post-grid-posts-wrapper\"><article class=\"ebpg-grid-post ebpg-post-grid-column\" data-id=\"933\"><div class=\"ebpg-grid-post-holder\"><div class=\"ebpg-entry-wrapper\"><div class=\"ebpg-entry-media\">\n                <div class=\"ebpg-entry-thumbnail\">\n                    <a class=\"ebpg-post-link-wrapper eb-sr-only\" href=\"https:\/\/www.optima-management.com\/de\/des-infrastructures-modernes-au-service-de-la-performance-industrielle\/\">Moderne Infrastruktur im Dienste der industriellen Leistung<\/a>\n                    <img loading=\"lazy\" decoding=\"async\" width=\"1224\" height=\"918\" src=\"https:\/\/www.optima-management.com\/wp-content\/uploads\/2025\/07\/Des-infrastructures-modernes-au-service-de-la-performance-industrielle.webp\" class=\"attachment-full size-full\" alt=\"Des infrastructures modernes au service de la performance industrielle\" \/>\n                <\/div>\n            <\/div><header class=\"ebpg-entry-header\">\n            <h2 class=\"ebpg-entry-title\">\n                <a class=\"ebpg-grid-post-link\" href=\"https:\/\/www.optima-management.com\/de\/des-infrastructures-modernes-au-service-de-la-performance-industrielle\/\" title=\"Moderne Infrastruktur im Dienste der industriellen Leistung\">Moderne Infrastruktur im Dienste der industriellen Leistung<\/a>\n            <\/h2>\n        <\/header><div class=\"ebpg-entry-meta ebpg-header-meta\"><div class=\"ebpg-entry-meta-items\"><span class=\"ebpg-posted-on\">\n            on <time datetime=\"2025-07-01T00:01:53+02:00\">1 Juli 2025<\/time>\n        <\/span><\/div><\/div><div class=\"ebpg-entry-content\"><div class=\"ebpg-grid-post-excerpt\">\n            <p>Tunesien verf\u00fcgt \u00fcber ein umfassendes und effizientes Infrastrukturnetz, das auf die Anforderungen der Industrie zugeschnitten ist. Das Land ist ausgestattet\u2026<\/p>\n        <\/div><\/div><div class=\"ebpg-entry-meta ebpg-footer-meta\"><div class=\"ebpg-entry-meta-items\"><\/div><\/div><\/div><\/div><\/article><article class=\"ebpg-grid-post ebpg-post-grid-column\" data-id=\"930\"><div class=\"ebpg-grid-post-holder\"><div class=\"ebpg-entry-wrapper\"><div class=\"ebpg-entry-media\">\n                <div class=\"ebpg-entry-thumbnail\">\n                    <a class=\"ebpg-post-link-wrapper eb-sr-only\" href=\"https:\/\/www.optima-management.com\/de\/un-cadre-legal-stable-et-des-avantages-fiscaux-attractifs\/\">Stabile rechtliche Rahmenbedingungen und attraktive Steuervorteile<\/a>\n                    <img loading=\"lazy\" decoding=\"async\" width=\"1224\" height=\"918\" src=\"https:\/\/www.optima-management.com\/wp-content\/uploads\/2025\/06\/Un-cadre-legal-stable-et-des-avantages-fiscaux-attractifs.webp\" class=\"attachment-full size-full\" alt=\"Un cadre l\u00e9gal stable et des avantages fiscaux attractifs\" \/>\n                <\/div>\n            <\/div><header class=\"ebpg-entry-header\">\n            <h2 class=\"ebpg-entry-title\">\n                <a class=\"ebpg-grid-post-link\" href=\"https:\/\/www.optima-management.com\/de\/un-cadre-legal-stable-et-des-avantages-fiscaux-attractifs\/\" title=\"Stabile rechtliche Rahmenbedingungen und attraktive Steuervorteile\">Stabile rechtliche Rahmenbedingungen und attraktive Steuervorteile<\/a>\n            <\/h2>\n        <\/header><div class=\"ebpg-entry-meta ebpg-header-meta\"><div class=\"ebpg-entry-meta-items\"><span class=\"ebpg-posted-on\">\n            on <time datetime=\"2025-06-30T23:58:46+02:00\">30 Juni 2025<\/time>\n        <\/span><\/div><\/div><div class=\"ebpg-entry-content\"><div class=\"ebpg-grid-post-excerpt\">\n            <p>Tunesien bietet ein klares Rechtsumfeld mit stabilen Gesetzen und internationalen Standards. Die\u2026<\/p>\n        <\/div><\/div><div class=\"ebpg-entry-meta ebpg-footer-meta\"><div class=\"ebpg-entry-meta-items\"><\/div><\/div><\/div><\/div><\/article><article class=\"ebpg-grid-post ebpg-post-grid-column\" data-id=\"927\"><div class=\"ebpg-grid-post-holder\"><div class=\"ebpg-entry-wrapper\"><div class=\"ebpg-entry-media\">\n                <div class=\"ebpg-entry-thumbnail\">\n                    <a class=\"ebpg-post-link-wrapper eb-sr-only\" href=\"https:\/\/www.optima-management.com\/de\/une-main-doeuvre-industrielle-qualifiee-multilingue-et-competitive\/\">Qualifizierte, mehrsprachige und wettbewerbsf\u00e4hige Industriearbeiter<\/a>\n                    <img loading=\"lazy\" decoding=\"async\" width=\"1224\" height=\"918\" src=\"https:\/\/www.optima-management.com\/wp-content\/uploads\/2025\/06\/Une-main-doeuvre-industrielle-qualifiee-multilingue-et-competitive.webp\" class=\"attachment-full size-full\" alt=\"Une main-d\u2019\u0153uvre industrielle qualifi\u00e9e, multilingue et comp\u00e9titive\" \/>\n                <\/div>\n            <\/div><header class=\"ebpg-entry-header\">\n            <h2 class=\"ebpg-entry-title\">\n                <a class=\"ebpg-grid-post-link\" href=\"https:\/\/www.optima-management.com\/de\/une-main-doeuvre-industrielle-qualifiee-multilingue-et-competitive\/\" title=\"Qualifizierte, mehrsprachige und wettbewerbsf\u00e4hige Industriearbeiter\">Qualifizierte, mehrsprachige und wettbewerbsf\u00e4hige Industriearbeiter<\/a>\n            <\/h2>\n        <\/header><div class=\"ebpg-entry-meta ebpg-header-meta\"><div class=\"ebpg-entry-meta-items\"><span class=\"ebpg-posted-on\">\n            on <time datetime=\"2025-06-30T23:46:40+02:00\">30 Juni 2025<\/time>\n        <\/span><\/div><\/div><div class=\"ebpg-entry-content\"><div class=\"ebpg-grid-post-excerpt\">\n            <p>Unser industrielles \u00d6kosystem in Tunesien profitiert von einem Pool hochqualifizierter Talente in den Bereichen Mechanik, Elektrotechnik usw.<\/p>\n        <\/div><\/div><div class=\"ebpg-entry-meta ebpg-footer-meta\"><div class=\"ebpg-entry-meta-items\"><\/div><\/div><\/div><\/div><\/article><\/div><div class=\"ebpostgrid-pagination ebpg-pagination\"><button class=\"ebpg-pagination-item-previous\">&lt;<\/button><button class=\"ebpg-pagination-item active\" data-pagenumber=\"1\">\n                        1\n                    <\/button><button class=\"ebpg-pagination-item\" data-pagenumber=\"2\">\n                        2\n                    <\/button><button class=\"ebpg-pagination-item-next\">&gt;<\/button><\/div>        <\/div>\n    <\/div>\n<\/div>\n<\/div><\/div><\/div>\n<\/div><\/div>\n\n\n\n<div class=\"wp-block-stackable-columns stk-block-columns stk-block stk-68c0ab8\" id=\"qualite\" data-block-id=\"68c0ab8\"><div class=\"stk-row stk-inner-blocks stk-block-content stk-content-align stk-68c0ab8-column\">\n<div class=\"wp-block-stackable-column stk-block-column stk-column stk-block stk-a420f41\" data-v=\"4\" data-block-id=\"a420f41\"><div class=\"stk-column-wrapper stk-block-column__content stk-container stk-a420f41-container stk--no-background stk--no-padding\"><div class=\"stk-block-content stk-inner-blocks stk-a420f41-inner-blocks\">\n<div class=\"wp-block-stackable-heading stk-block-heading stk-block-heading--v2 stk-block stk-333d93a\" id=\"strong-la-qualite-un-levier-strategique-pour-lindustrie-strong\" data-block-id=\"333d93a\"><style>.stk-333d93a .stk-block-heading__text{color:var(--theme-palette-color-2, #ffc000) !important;}<\/style><h2 class=\"stk-block-heading__text has-text-color\"><strong>Qualit\u00e4t, ein strategischer Hebel f\u00fcr die Industrie<\/strong><\/h2><\/div>\n\n\n<div class=\"root-eb-post-grid-31gos wp-block-essential-blocks-post-grid\">\n    <div class=\"eb-parent-wrapper eb-parent-eb-post-grid-31gos\">\n        <div class=\"eb-post-grid-31gos style-2 eb-post-grid-wrapper\"\n            data-id=\"eb-post-grid-31gos\"\n            data-querydata=\"{&quot;source&quot;:&quot;post&quot;,&quot;sourceIndex&quot;:0,&quot;rest_base&quot;:&quot;posts&quot;,&quot;rest_namespace&quot;:&quot;wp\\\/v2&quot;,&quot;author&quot;:&quot;&quot;,&quot;taxonomies&quot;:{&quot;category&quot;:{&quot;name&quot;:&quot;Cat\\u00e9gories&quot;,&quot;rest_base&quot;:&quot;categories&quot;,&quot;rest_namespace&quot;:&quot;wp\\\/v2&quot;,&quot;slug&quot;:&quot;category&quot;,&quot;value&quot;:&quot;[{\\&quot;value\\&quot;:6,\\&quot;label\\&quot;:\\&quot;La qualit\\u00e9, un levier strat\\u00e9gique pour l\\u2019industrie\\&quot;}]&quot;}},&quot;per_page&quot;:&quot;3&quot;,&quot;offset&quot;:&quot;0&quot;,&quot;orderby&quot;:&quot;date&quot;,&quot;order&quot;:&quot;desc&quot;,&quot;include&quot;:&quot;&quot;,&quot;exclude&quot;:&quot;&quot;,&quot;exclude_current&quot;:false}\"\n            data-attributes=\"{&quot;thumbnailSize&quot;:&quot;&quot;,&quot;loadMoreOptions&quot;:{&quot;enableMorePosts&quot;:true,&quot;loadMoreType&quot;:&quot;2&quot;,&quot;loadMoreButtonTxt&quot;:&quot;Load More&quot;,&quot;alignment&quot;:&quot;center&quot;,&quot;prevTxt&quot;:&quot;&lt;&quot;,&quot;nextTxt&quot;:&quot;&gt;&quot;,&quot;totalPosts&quot;:1},&quot;showSearch&quot;:false,&quot;showTaxonomyFilter&quot;:false,&quot;enableAjaxSearch&quot;:false,&quot;addIcon&quot;:false,&quot;iconPosition&quot;:&quot;left&quot;,&quot;icon&quot;:&quot;fas fa-chevron-right&quot;,&quot;preset&quot;:&quot;style-2&quot;,&quot;defaultFilter&quot;:&quot;all&quot;,&quot;version&quot;:&quot;v2&quot;,&quot;showBlockContent&quot;:true,&quot;showFallbackImg&quot;:false,&quot;fallbackImgUrl&quot;:&quot;&quot;,&quot;showThumbnail&quot;:true,&quot;showTitle&quot;:true,&quot;titleLength&quot;:&quot;&quot;,&quot;titleTag&quot;:&quot;h2&quot;,&quot;showContent&quot;:true,&quot;contentLength&quot;:20,&quot;expansionIndicator&quot;:&quot;...&quot;,&quot;showReadMore&quot;:false,&quot;readmoreText&quot;:&quot;Read More&quot;,&quot;showMeta&quot;:true,&quot;headerMeta&quot;:&quot;[{\\&quot;value\\&quot;:\\&quot;date\\&quot;,\\&quot;label\\&quot;:\\&quot;Published Date\\&quot;}]&quot;,&quot;footerMeta&quot;:&quot;[]&quot;,&quot;authorPrefix&quot;:&quot;&quot;,&quot;datePrefix&quot;:&quot;on&quot;}\">\n\n            \n\n            <div class=\"eb-post-grid-posts-wrapper\"><article class=\"ebpg-grid-post ebpg-post-grid-column\" data-id=\"936\"><div class=\"ebpg-grid-post-holder\"><div class=\"ebpg-entry-wrapper\"><div class=\"ebpg-entry-media\">\n                <div class=\"ebpg-entry-thumbnail\">\n                    <a class=\"ebpg-post-link-wrapper eb-sr-only\" href=\"https:\/\/www.optima-management.com\/de\/la-qualite-un-levier-strategique-pour-lindustrie\/\">Qualit\u00e4t, ein strategischer Hebel f\u00fcr die Industrie<\/a>\n                    <img loading=\"lazy\" decoding=\"async\" width=\"768\" height=\"576\" src=\"https:\/\/www.optima-management.com\/wp-content\/uploads\/2025\/07\/La-qualite-un-levier-strategique-pour-lindustrie.webp\" class=\"attachment-full size-full\" alt=\"La qualit\u00e9, un levier strat\u00e9gique pour l\u2019industrie\" \/>\n                <\/div>\n            <\/div><header class=\"ebpg-entry-header\">\n            <h2 class=\"ebpg-entry-title\">\n                <a class=\"ebpg-grid-post-link\" href=\"https:\/\/www.optima-management.com\/de\/la-qualite-un-levier-strategique-pour-lindustrie\/\" title=\"Qualit\u00e4t, ein strategischer Hebel f\u00fcr die Industrie\">Qualit\u00e4t, ein strategischer Hebel f\u00fcr die Industrie<\/a>\n            <\/h2>\n        <\/header><div class=\"ebpg-entry-meta ebpg-header-meta\"><div class=\"ebpg-entry-meta-items\"><span class=\"ebpg-posted-on\">\n            on <time datetime=\"2025-07-01T09:12:13+02:00\">1 Juli 2025<\/time>\n        <\/span><\/div><\/div><div class=\"ebpg-entry-content\"><div class=\"ebpg-grid-post-excerpt\">\n            <p>In einem zunehmend wettbewerbsorientierten Industrieumfeld ist Qualit\u00e4t keine Option mehr, sondern ein Schl\u00fcsselfaktor f\u00fcr \u2026<\/p>\n        <\/div><\/div><div class=\"ebpg-entry-meta ebpg-footer-meta\"><div class=\"ebpg-entry-meta-items\"><\/div><\/div><\/div><\/div><\/article><\/div>        <\/div>\n    <\/div>\n<\/div>\n<\/div><\/div><\/div>\n<\/div><\/div>\n\n\n\n<div class=\"wp-block-stackable-columns stk-block-columns stk-block stk-29d9a6c\" id=\"lean\" data-block-id=\"29d9a6c\"><div class=\"stk-row stk-inner-blocks stk-block-content stk-content-align stk-29d9a6c-column\">\n<div class=\"wp-block-stackable-column stk-block-column stk-column stk-block stk-fdd936f\" data-v=\"4\" data-block-id=\"fdd936f\"><div class=\"stk-column-wrapper stk-block-column__content stk-container stk-fdd936f-container stk--no-background stk--no-padding\"><div class=\"stk-block-content stk-inner-blocks stk-fdd936f-inner-blocks\">\n<div class=\"wp-block-stackable-heading stk-block-heading stk-block-heading--v2 stk-block stk-1d84f3e\" id=\"strong-strong-le-lean-manufacturing-produire-mieux-plus-vite-et-avec-moins-strong-strong-de-ressources\" data-block-id=\"1d84f3e\"><style>.stk-1d84f3e .stk-block-heading__text{color:var(--theme-palette-color-2, #ffc000) !important;}<\/style><h2 class=\"stk-block-heading__text has-text-color\"><strong><strong>Lean Manufacturing: Besser, schneller und mit weniger produzieren<\/strong><\/strong> von Ressourcen<\/h2><\/div>\n\n\n<div class=\"root-eb-post-grid-vlpq5 wp-block-essential-blocks-post-grid\">\n    <div class=\"eb-parent-wrapper eb-parent-eb-post-grid-vlpq5\">\n        <div class=\"eb-post-grid-vlpq5 style-2 eb-post-grid-wrapper\"\n            data-id=\"eb-post-grid-vlpq5\"\n            data-querydata=\"{&quot;source&quot;:&quot;post&quot;,&quot;sourceIndex&quot;:0,&quot;rest_base&quot;:&quot;posts&quot;,&quot;rest_namespace&quot;:&quot;wp\\\/v2&quot;,&quot;author&quot;:&quot;&quot;,&quot;taxonomies&quot;:{&quot;category&quot;:{&quot;name&quot;:&quot;Cat\\u00e9gories&quot;,&quot;rest_base&quot;:&quot;categories&quot;,&quot;rest_namespace&quot;:&quot;wp\\\/v2&quot;,&quot;slug&quot;:&quot;category&quot;,&quot;value&quot;:&quot;[{\\&quot;value\\&quot;:7,\\&quot;label\\&quot;:\\&quot;Le Lean Manufacturing : produire mieux, plus vite et avec moins\\&quot;}]&quot;}},&quot;per_page&quot;:&quot;3&quot;,&quot;offset&quot;:&quot;0&quot;,&quot;orderby&quot;:&quot;date&quot;,&quot;order&quot;:&quot;desc&quot;,&quot;include&quot;:&quot;&quot;,&quot;exclude&quot;:&quot;&quot;,&quot;exclude_current&quot;:false}\"\n            data-attributes=\"{&quot;thumbnailSize&quot;:&quot;&quot;,&quot;loadMoreOptions&quot;:{&quot;enableMorePosts&quot;:true,&quot;loadMoreType&quot;:&quot;2&quot;,&quot;loadMoreButtonTxt&quot;:&quot;Load More&quot;,&quot;alignment&quot;:&quot;center&quot;,&quot;prevTxt&quot;:&quot;&lt;&quot;,&quot;nextTxt&quot;:&quot;&gt;&quot;,&quot;totalPosts&quot;:1},&quot;showSearch&quot;:false,&quot;showTaxonomyFilter&quot;:false,&quot;enableAjaxSearch&quot;:false,&quot;addIcon&quot;:false,&quot;iconPosition&quot;:&quot;left&quot;,&quot;icon&quot;:&quot;fas fa-chevron-right&quot;,&quot;preset&quot;:&quot;style-2&quot;,&quot;defaultFilter&quot;:&quot;all&quot;,&quot;version&quot;:&quot;v2&quot;,&quot;showBlockContent&quot;:true,&quot;showFallbackImg&quot;:false,&quot;fallbackImgUrl&quot;:&quot;&quot;,&quot;showThumbnail&quot;:true,&quot;showTitle&quot;:true,&quot;titleLength&quot;:&quot;&quot;,&quot;titleTag&quot;:&quot;h2&quot;,&quot;showContent&quot;:true,&quot;contentLength&quot;:20,&quot;expansionIndicator&quot;:&quot;...&quot;,&quot;showReadMore&quot;:false,&quot;readmoreText&quot;:&quot;Read More&quot;,&quot;showMeta&quot;:true,&quot;headerMeta&quot;:&quot;[{\\&quot;value\\&quot;:\\&quot;date\\&quot;,\\&quot;label\\&quot;:\\&quot;Published Date\\&quot;}]&quot;,&quot;footerMeta&quot;:&quot;[]&quot;,&quot;authorPrefix&quot;:&quot;&quot;,&quot;datePrefix&quot;:&quot;on&quot;}\">\n\n            \n\n            <div class=\"eb-post-grid-posts-wrapper\"><article class=\"ebpg-grid-post ebpg-post-grid-column\" data-id=\"939\"><div class=\"ebpg-grid-post-holder\"><div class=\"ebpg-entry-wrapper\"><div class=\"ebpg-entry-media\">\n                <div class=\"ebpg-entry-thumbnail\">\n                    <a class=\"ebpg-post-link-wrapper eb-sr-only\" href=\"https:\/\/www.optima-management.com\/de\/le-lean-manufacturing-produire-mieux-plus-vite-et-avec-moins\/\">Lean Manufacturing: Besser, schneller und mit weniger produzieren<\/a>\n                    <img loading=\"lazy\" decoding=\"async\" width=\"768\" height=\"576\" src=\"https:\/\/www.optima-management.com\/wp-content\/uploads\/2025\/07\/Le-Lean-Manufacturing.webp\" class=\"attachment-full size-full\" alt=\"\" \/>\n                <\/div>\n            <\/div><header class=\"ebpg-entry-header\">\n            <h2 class=\"ebpg-entry-title\">\n                <a class=\"ebpg-grid-post-link\" href=\"https:\/\/www.optima-management.com\/de\/le-lean-manufacturing-produire-mieux-plus-vite-et-avec-moins\/\" title=\"Lean Manufacturing: Besser, schneller und mit weniger produzieren\">Lean Manufacturing: Besser, schneller und mit weniger produzieren<\/a>\n            <\/h2>\n        <\/header><div class=\"ebpg-entry-meta ebpg-header-meta\"><div class=\"ebpg-entry-meta-items\"><span class=\"ebpg-posted-on\">\n            on <time datetime=\"2025-07-01T09:20:01+02:00\">1 Juli 2025<\/time>\n        <\/span><\/div><\/div><div class=\"ebpg-entry-content\"><div class=\"ebpg-grid-post-excerpt\">\n            <p>Lean Manufacturing ist mehr als nur eine Methode: Es ist eine Industriephilosophie, die sich auf die Vermeidung von Verschwendung konzentriert und\u2026<\/p>\n        <\/div><\/div><div class=\"ebpg-entry-meta ebpg-footer-meta\"><div class=\"ebpg-entry-meta-items\"><\/div><\/div><\/div><\/div><\/article><\/div>        <\/div>\n    <\/div>\n<\/div>\n<\/div><\/div><\/div>\n<\/div><\/div>","protected":false},"excerpt":{"rendered":"<p>Quels sont les avantages d\u2019implanter une unit\u00e9 de production en Tunisie&nbsp;? La qualit\u00e9, un levier strat\u00e9gique pour l\u2019industrie Le Lean Manufacturing : produire mieux, plus vite et avec moins de ressources<\/p>","protected":false},"author":1,"featured_media":0,"parent":0,"menu_order":0,"comment_status":"closed","ping_status":"closed","template":"","meta":{"_eb_attr":"","_gspb_post_css":"","_themeisle_gutenberg_block_has_review":false,"footnotes":""},"class_list":["post-1016","page","type-page","status-publish","hentry"],"blocksy_meta":[],"_links":{"self":[{"href":"https:\/\/www.optima-management.com\/de\/wp-json\/wp\/v2\/pages\/1016","targetHints":{"allow":["GET"]}}],"collection":[{"href":"https:\/\/www.optima-management.com\/de\/wp-json\/wp\/v2\/pages"}],"about":[{"href":"https:\/\/www.optima-management.com\/de\/wp-json\/wp\/v2\/types\/page"}],"author":[{"embeddable":true,"href":"https:\/\/www.optima-management.com\/de\/wp-json\/wp\/v2\/users\/1"}],"replies":[{"embeddable":true,"href":"https:\/\/www.optima-management.com\/de\/wp-json\/wp\/v2\/comments?post=1016"}],"version-history":[{"count":0,"href":"https:\/\/www.optima-management.com\/de\/wp-json\/wp\/v2\/pages\/1016\/revisions"}],"wp:attachment":[{"href":"https:\/\/www.optima-management.com\/de\/wp-json\/wp\/v2\/media?parent=1016"}],"curies":[{"name":"wp","href":"https:\/\/api.w.org\/{rel}","templated":true}]}}